{"id":17744,"date":"2022-02-26T17:50:01","date_gmt":"2022-02-26T16:50:01","guid":{"rendered":"https:\/\/shop.borgodeivinci.com\/unkategorisiert\/pecorino-del-monte-poro-dop-aged-2months\/"},"modified":"2022-04-24T09:49:46","modified_gmt":"2022-04-24T07:49:46","slug":"pecorino-von-monte-poro-g-u-halb-gewuerzt","status":"publish","type":"product","link":"https:\/\/shop.borgodeivinci.com\/de\/formaggi-stagionati\/pecorino-von-monte-poro-g-u-halb-gewuerzt\/","title":{"rendered":"Pecorino von Monte Poro g.U. &#8211; HALB GEW\u00dcRZT"},"content":{"rendered":"<p>Pecorino del Monte Poro g.U. wird aus roher Schafvollmilch von zwei Melkg\u00e4ngen (am Morgen der K\u00e4sebereitung und am Abend davor) von Freilandschafen hergestellt. Das Futter der Schafe besteht aus heimischen Pflanzen des Gebiets um den Monte Poro. Diese werden im Sommer frisch und im Winter als Heu verzehrt.<\/p>\n<p>Mehr lesen <a href=\"https:\/\/pecorinodelmonteporo.it\/\" rel=\"nofollow noopener\" target=\"_blank\">Consorzio per la tutela del Pecorino del Monte Poro<\/a><\/p>\n","protected":false},"excerpt":{"rendered":"<p>Der Schafsk\u00e4se Pecorino del Monte Poro g.U. (DOP) wird von unserer Molkerei in Kalabrien hergestellt und ist der \u00e4lteste K\u00e4se Kalabriens. Duftig und mit Aromen von Wildblumen, mediterranem Gestr\u00fcpp und Heu, weich und angenehm nussig im Geschmack, charakteristisch werden mit zunehmender Reifezeit immer intensiver, begleitet von einer starken Sch\u00e4rfe und W\u00fcrze in der Typologie &#8220;gew\u00fcrzt&#8221;.<\/p>\n","protected":false},"featured_media":17123,"comment_status":"open","ping_status":"closed","template":"","meta":[],"product_cat":[271,125,158,295,245,156,227,95],"product_tag":[],"class_list":["post-17744","product","type-product","status-publish","has-post-thumbnail","hentry","product_cat-formaggio-monte-poro","product_cat-gereiften-kasen","product_cat-typischer-kalabrischer-kaese","product_cat-pecorino-kalabrischer-kaese-von-monte-poro-g-u","product_cat-schafskase","product_cat-formaggi","product_cat-formaggi-di-pecora","product_cat-formaggi-stagionati"],"_links":{"self":[{"href":"https:\/\/shop.borgodeivinci.com\/de\/wp-json\/wp\/v2\/product\/17744","targetHints":{"allow":["GET"]}}],"collection":[{"href":"https:\/\/shop.borgodeivinci.com\/de\/wp-json\/wp\/v2\/product"}],"about":[{"href":"https:\/\/shop.borgodeivinci.com\/de\/wp-json\/wp\/v2\/types\/product"}],"replies":[{"embeddable":true,"href":"https:\/\/shop.borgodeivinci.com\/de\/wp-json\/wp\/v2\/comments?post=17744"}],"version-history":[{"count":0,"href":"https:\/\/shop.borgodeivinci.com\/de\/wp-json\/wp\/v2\/product\/17744\/revisions"}],"wp:featuredmedia":[{"embeddable":true,"href":"https:\/\/shop.borgodeivinci.com\/de\/wp-json\/wp\/v2\/media\/17123"}],"wp:attachment":[{"href":"https:\/\/shop.borgodeivinci.com\/de\/wp-json\/wp\/v2\/media?parent=17744"}],"wp:term":[{"taxonomy":"product_cat","embeddable":true,"href":"https:\/\/shop.borgodeivinci.com\/de\/wp-json\/wp\/v2\/product_cat?post=17744"},{"taxonomy":"product_tag","embeddable":true,"href":"https:\/\/shop.borgodeivinci.com\/de\/wp-json\/wp\/v2\/product_tag?post=17744"}],"curies":[{"name":"wp","href":"https:\/\/api.w.org\/{rel}","templated":true}]}}