{"id":17808,"date":"2017-06-14T09:00:42","date_gmt":"2017-06-14T07:00:42","guid":{"rendered":"https:\/\/shop.borgodeivinci.com\/unkategorisiert\/cacio-del-borgo-cows-milk-fresh-cheese-monte-poro\/"},"modified":"2022-04-24T11:07:05","modified_gmt":"2022-04-24T09:07:05","slug":"cacio-del-borgo-kalabrische-kuhmilchkaese-monte-poro","status":"publish","type":"product","link":"https:\/\/shop.borgodeivinci.com\/de\/frischkaese\/cacio-del-borgo-kalabrische-kuhmilchkaese-monte-poro\/","title":{"rendered":"Cacio del Borgo &#8211; Kalabrische Kuhmilchk\u00e4se"},"content":{"rendered":"<p>F\u00fcr die Herstellung der K\u00e4sesorte Cacio del Borgo wird nur ausgew\u00e4hlte Kuhmilch verwendet, die jeden Tag von den Herden stammt, die in der Gegend des Monte Poro weiden. Nach Anlieferung der Milch im Unternehmen werden sofort die ersten Kontrollen durchgef\u00fchrt, die Gefrierpunkt- und die S\u00e4urebestimmung; wenn die Ergebnisse zufriedenstellend sind wird die Milch innerhalb von 24 Stunden einem Transformationsprozess unterzogen. Zuerst wird sie bei einer Temperatur von 70 \u00b0C pasteurisiert, dann werden nach und nach Lab und Fermente beigegeben, anschlie\u00dfend wird der K\u00e4sebruch in haselnussgro\u00dfe St\u00fccke geschnitten und in die K\u00e4seformen gef\u00fcllt. Die so erhaltenen Formen verbleiben f\u00fcr etwa drei Stunden in der W\u00e4rmezelle und weitere zw\u00f6lf Stunden in der Ruhezelle. Das Einsalzen erfolgt f\u00fcr jede einzelne Form manuell, bevor sie zum Trocknen in die K\u00fchlzelle mit einer Temperatur von 11 \u00b0C und einer Luftfeuchtigkeit von 85% gebracht werden. Nach einem Zeitraum von 25-30 Tagen ist das Produkt zum Verkauf bereit. Die Formen sind zylindrisch, mit einem Gewicht von 1.700 g oder 5.000 g.<\/p>\n","protected":false},"excerpt":{"rendered":"<p>F\u00fcr die Herstellung der K\u00e4sesorte Cacio del Borgo wird nur ausgew\u00e4hlte Kuhmilch verwendet, die jeden Tag von den Herden stammt, die in der Gegend des Monte Poro weiden. <\/p>\n","protected":false},"featured_media":16879,"comment_status":"closed","ping_status":"closed","template":"","meta":[],"product_cat":[158,247,86],"product_tag":[],"class_list":["post-17808","product","type-product","status-publish","has-post-thumbnail","hentry","product_cat-typischer-kalabrischer-kaese","product_cat-kuhmilchkase","product_cat-frischkaese"],"_links":{"self":[{"href":"https:\/\/shop.borgodeivinci.com\/de\/wp-json\/wp\/v2\/product\/17808","targetHints":{"allow":["GET"]}}],"collection":[{"href":"https:\/\/shop.borgodeivinci.com\/de\/wp-json\/wp\/v2\/product"}],"about":[{"href":"https:\/\/shop.borgodeivinci.com\/de\/wp-json\/wp\/v2\/types\/product"}],"replies":[{"embeddable":true,"href":"https:\/\/shop.borgodeivinci.com\/de\/wp-json\/wp\/v2\/comments?post=17808"}],"version-history":[{"count":0,"href":"https:\/\/shop.borgodeivinci.com\/de\/wp-json\/wp\/v2\/product\/17808\/revisions"}],"wp:featuredmedia":[{"embeddable":true,"href":"https:\/\/shop.borgodeivinci.com\/de\/wp-json\/wp\/v2\/media\/16879"}],"wp:attachment":[{"href":"https:\/\/shop.borgodeivinci.com\/de\/wp-json\/wp\/v2\/media?parent=17808"}],"wp:term":[{"taxonomy":"product_cat","embeddable":true,"href":"https:\/\/shop.borgodeivinci.com\/de\/wp-json\/wp\/v2\/product_cat?post=17808"},{"taxonomy":"product_tag","embeddable":true,"href":"https:\/\/shop.borgodeivinci.com\/de\/wp-json\/wp\/v2\/product_tag?post=17808"}],"curies":[{"name":"wp","href":"https:\/\/api.w.org\/{rel}","templated":true}]}}