{"id":17811,"date":"2017-06-14T08:24:57","date_gmt":"2017-06-14T06:24:57","guid":{"rendered":"https:\/\/shop.borgodeivinci.com\/unkategorisiert\/caciocavallo-sweet-cheese\/"},"modified":"2022-04-24T11:21:43","modified_gmt":"2022-04-24T09:21:43","slug":"caciocavallo-suess-kalabrische","status":"publish","type":"product","link":"https:\/\/shop.borgodeivinci.com\/de\/typischer-kalabrischer-kaese\/caciocavallo-suess-kalabrische\/","title":{"rendered":"Caciocavallo S\u00fc\u00df"},"content":{"rendered":"<p>F\u00fcr die Herstellung des Caciocavallo wird die Milch der K\u00fche auf den Weiden des Monte Poro bei einer Temperatur von 70 \u00b0C pasteurisiert, anschlie\u00dfend werden f\u00fcr den w\u00fcrzigen K\u00e4se Fermente, fl\u00fcssiges Kalbslab und Lipase zugegeben. Sobald der K\u00e4sebruch mit einer K\u00e4seharfe in korngro\u00dfe St\u00fccke geschnitten ist reift die Masse in der W\u00e4rmezelle bei einer Temperatur von 37 \u00b0C, um dann von Hand gezogen und verarbeitet zu werden, bis er die typische Form annimmt. Der K\u00e4se wird durch Eintauchen in Salzbad gesalzen und kommt dann in die Reifezelle.<\/p>\n","protected":false},"excerpt":{"rendered":"<p>Der s\u00fc\u00dfe Caciocavallo-K\u00e4se wird aus der Milch der K\u00fche des Monte Poro hergestellt.<\/p>\n","protected":false},"featured_media":16885,"comment_status":"open","ping_status":"closed","template":"","meta":[],"product_cat":[158,247],"product_tag":[],"class_list":["post-17811","product","type-product","status-publish","has-post-thumbnail","hentry","product_cat-typischer-kalabrischer-kaese","product_cat-kuhmilchkase"],"_links":{"self":[{"href":"https:\/\/shop.borgodeivinci.com\/de\/wp-json\/wp\/v2\/product\/17811","targetHints":{"allow":["GET"]}}],"collection":[{"href":"https:\/\/shop.borgodeivinci.com\/de\/wp-json\/wp\/v2\/product"}],"about":[{"href":"https:\/\/shop.borgodeivinci.com\/de\/wp-json\/wp\/v2\/types\/product"}],"replies":[{"embeddable":true,"href":"https:\/\/shop.borgodeivinci.com\/de\/wp-json\/wp\/v2\/comments?post=17811"}],"version-history":[{"count":0,"href":"https:\/\/shop.borgodeivinci.com\/de\/wp-json\/wp\/v2\/product\/17811\/revisions"}],"wp:featuredmedia":[{"embeddable":true,"href":"https:\/\/shop.borgodeivinci.com\/de\/wp-json\/wp\/v2\/media\/16885"}],"wp:attachment":[{"href":"https:\/\/shop.borgodeivinci.com\/de\/wp-json\/wp\/v2\/media?parent=17811"}],"wp:term":[{"taxonomy":"product_cat","embeddable":true,"href":"https:\/\/shop.borgodeivinci.com\/de\/wp-json\/wp\/v2\/product_cat?post=17811"},{"taxonomy":"product_tag","embeddable":true,"href":"https:\/\/shop.borgodeivinci.com\/de\/wp-json\/wp\/v2\/product_tag?post=17811"}],"curies":[{"name":"wp","href":"https:\/\/api.w.org\/{rel}","templated":true}]}}