{"id":17815,"date":"2021-10-14T20:02:29","date_gmt":"2021-10-14T18:02:29","guid":{"rendered":"https:\/\/shop.borgodeivinci.com\/unkategorisiert\/ciclope-fresh-cow-and-sheeps-milk-cheese-monteporo\/"},"modified":"2022-04-24T19:30:22","modified_gmt":"2022-04-24T17:30:22","slug":"ciclope-frisher-gemischten-kaese-monteporo","status":"publish","type":"product","link":"https:\/\/shop.borgodeivinci.com\/de\/frischkaese\/ciclope-frisher-gemischten-kaese-monteporo\/","title":{"rendered":"Ciclope &#8211; Frisher Gemischten K\u00e4se"},"content":{"rendered":"<p> Bei Anlieferung der Milch im Unternehmen werden sofort die ersten Kontrollen durchgef\u00fchrt, die Gefrierpunkt- und die S\u00e4urebestimmung; wenn die Ergebnisse zufriedenstellend sind wird die Milch innerhalb von 24 Stunden einem Transformationsprozess unterzogen. Zuerst wird sie bei einer Temperatur von 72\u00b0C pasteurisiert, dann werden nach und nach Lab und Fermente beigegeben, anschlie\u00dfend wird der K\u00e4sebruch in haselnussgro\u00dfe St\u00fccke geschnitten Die so erhaltenen Formen verbleiben f\u00fcr etwa drei Stunden in der W\u00e4rmezelle und weitere zw\u00f6lf Stunden in der Ruhezelle. Das Einsalzen erfolgt f\u00fcr jede einzelne Form manuell, bevor sie zum Trocknen in die K\u00fchlzelle mit einer Temperatur von 11 \u00b0C und einer Luftfeuchtigkeit von 85% gebracht werden. Nach einem Zeitraum von 25-30 Tagen ist das Produkt zum Verkauf bereit. <\/p>\n","protected":false},"excerpt":{"rendered":"<p>F\u00fcr die Produktion des gemischten K\u00e4ses wird ausgew\u00e4hlte Milch von Schafen und K\u00fchen verwendet, die jeden Tag im Gebiet des Monte Poro weiden.<\/p>\n","protected":false},"featured_media":16876,"comment_status":"open","ping_status":"closed","template":"","meta":[],"product_cat":[240,158,86],"product_tag":[],"class_list":["post-17815","product","type-product","status-publish","has-post-thumbnail","hentry","product_cat-gemischten-kases","product_cat-typischer-kalabrischer-kaese","product_cat-frischkaese"],"_links":{"self":[{"href":"https:\/\/shop.borgodeivinci.com\/de\/wp-json\/wp\/v2\/product\/17815","targetHints":{"allow":["GET"]}}],"collection":[{"href":"https:\/\/shop.borgodeivinci.com\/de\/wp-json\/wp\/v2\/product"}],"about":[{"href":"https:\/\/shop.borgodeivinci.com\/de\/wp-json\/wp\/v2\/types\/product"}],"replies":[{"embeddable":true,"href":"https:\/\/shop.borgodeivinci.com\/de\/wp-json\/wp\/v2\/comments?post=17815"}],"version-history":[{"count":0,"href":"https:\/\/shop.borgodeivinci.com\/de\/wp-json\/wp\/v2\/product\/17815\/revisions"}],"wp:featuredmedia":[{"embeddable":true,"href":"https:\/\/shop.borgodeivinci.com\/de\/wp-json\/wp\/v2\/media\/16876"}],"wp:attachment":[{"href":"https:\/\/shop.borgodeivinci.com\/de\/wp-json\/wp\/v2\/media?parent=17815"}],"wp:term":[{"taxonomy":"product_cat","embeddable":true,"href":"https:\/\/shop.borgodeivinci.com\/de\/wp-json\/wp\/v2\/product_cat?post=17815"},{"taxonomy":"product_tag","embeddable":true,"href":"https:\/\/shop.borgodeivinci.com\/de\/wp-json\/wp\/v2\/product_tag?post=17815"}],"curies":[{"name":"wp","href":"https:\/\/api.w.org\/{rel}","templated":true}]}}