{"id":18391,"date":"2017-06-14T08:24:57","date_gmt":"2017-06-14T08:24:57","guid":{"rendered":"https:\/\/shop.borgodeivinci.com\/non%20class\u00e9\/caciocavallo-dolce\/"},"modified":"2022-08-07T18:57:01","modified_gmt":"2022-08-07T16:57:01","slug":"caciocavallo-dolce","status":"publish","type":"product","link":"https:\/\/shop.borgodeivinci.com\/fr\/les-fromages\/caciocavallo-dolce\/","title":{"rendered":"Caciocavallo doux"},"content":{"rendered":"<p>Pour la production du Caciocavallo, le lait trait dans les p\u00e2turages de la zone du Monte Poro, est pasteuris\u00e9 \u00e0 une temp\u00e9rature de 70\u00b0 C., et on ajoute les ferments, la pr\u00e9sure liquide de veau et la lipase pour obtenir le caciocavallo \u00e9pic\u00e9e. Apr\u00e8s la ropture en grains, avec le \u201cspino\u201d, la p\u00e2te est laiss\u00e9e \u00e0 m\u00fbrir dans la cellule d\u2019\u00e9tuvage \u00e0 37\u00b0C, fil\u00e9e et travaill\u00e9e \u00e0 la main pour lui donner la forme typique. Le salage se fait par immersion dans la saumure, et le produit est successivement d\u00e9plac\u00e9 dans la cellule d\u2019affinage.<\/p>\n","protected":false},"excerpt":{"rendered":"<p>Aromatique et agr\u00e9able, tendanciellement d\u00e9licat et douce, le caciocavallo est un fromage \u00e0 la p\u00e2te fil\u00e9e affin\u00e9 obtenu \u00e0 partir du lait des p\u00e2turages du Monte Poro.<\/p>\n","protected":false},"featured_media":18394,"comment_status":"open","ping_status":"closed","template":"","meta":[],"product_cat":[384,328],"product_tag":[],"class_list":["post-18391","product","type-product","status-publish","has-post-thumbnail","hentry","product_cat-formaggi-vaccini-fr","product_cat-les-fromages"],"_links":{"self":[{"href":"https:\/\/shop.borgodeivinci.com\/fr\/wp-json\/wp\/v2\/product\/18391","targetHints":{"allow":["GET"]}}],"collection":[{"href":"https:\/\/shop.borgodeivinci.com\/fr\/wp-json\/wp\/v2\/product"}],"about":[{"href":"https:\/\/shop.borgodeivinci.com\/fr\/wp-json\/wp\/v2\/types\/product"}],"replies":[{"embeddable":true,"href":"https:\/\/shop.borgodeivinci.com\/fr\/wp-json\/wp\/v2\/comments?post=18391"}],"version-history":[{"count":0,"href":"https:\/\/shop.borgodeivinci.com\/fr\/wp-json\/wp\/v2\/product\/18391\/revisions"}],"wp:featuredmedia":[{"embeddable":true,"href":"https:\/\/shop.borgodeivinci.com\/fr\/wp-json\/wp\/v2\/media\/18394"}],"wp:attachment":[{"href":"https:\/\/shop.borgodeivinci.com\/fr\/wp-json\/wp\/v2\/media?parent=18391"}],"wp:term":[{"taxonomy":"product_cat","embeddable":true,"href":"https:\/\/shop.borgodeivinci.com\/fr\/wp-json\/wp\/v2\/product_cat?post=18391"},{"taxonomy":"product_tag","embeddable":true,"href":"https:\/\/shop.borgodeivinci.com\/fr\/wp-json\/wp\/v2\/product_tag?post=18391"}],"curies":[{"name":"wp","href":"https:\/\/api.w.org\/{rel}","templated":true}]}}